{"id":9265,"date":"2025-11-12T13:01:49","date_gmt":"2025-11-12T13:01:49","guid":{"rendered":"https:\/\/staging.derosa.it\/?post_type=product&#038;p=9265"},"modified":"2026-01-23T13:21:13","modified_gmt":"2026-01-23T13:21:13","slug":"idol-halo-white-ultegra-fulcrum-wind-copy","status":"publish","type":"product","link":"https:\/\/staging.derosa.it\/it\/prodotto\/838-mirage-silver-shimano-105-fulcrum-soniq-al\/","title":{"rendered":"838 Mirage Silver &#8211; Shimano 105 Fulcrum Soniq AL"},"content":{"rendered":"<p>Palette decise, senza fronzoli, studiate per mettere in risalto le curve e il carattere racing\u2013comfort della 838.<\/p>\n<p>Design funzionale, ogni tinta valorizza il telaio in carbonio ad alto modulo, confermando l\u2019equilibrio tra reattivit\u00e0 e comfort che contraddistingue questo modello.<\/p>\n<p>Non \u00e8 solo un aggiornamento cromatico: \u00e8 la conferma che la 838, pass d\u2019ingresso per entrare nella famiglia De\u202fRosa, cresce e lo fa con un\u2019eleganza che non teme confronti nel suo segmento.<\/p>\n<p>L\u2019hanno chiamata \u201cla entry-level che non sembra un\u2019entry-level\u201d. E anche oggi, con queste nuove colorazioni, la 838 continua a smentire le etichette.<br \/>\nL\u2019hanno definita il modo pi\u00f9 bello per iniziare a pedalare con seriet\u00e0, la bici che ti accompagna nella crescita, la porta d\u2019ingresso al mondo De Rosa.<\/p>\n<p>E adesso, con questo upgrade cromatico pi\u00f9 adulto e consapevole, \u00e8 pronta a confermarsi ancora una volta la scelta giusta per chi non accetta compromessi. Nemmeno al primo colpo di pedale.<\/p>\n","protected":false},"excerpt":{"rendered":"<p>Palette decise, senza fronzoli, studiate per mettere in risalto le curve e il carattere racing\u2013comfort della 838. Design funzionale, ogni tinta valorizza il telaio in carbonio ad alto modulo, confermando l\u2019equilibrio tra reattivit\u00e0 e comfort che contraddistingue questo modello. Non \u00e8 solo un aggiornamento cromatico: \u00e8 la conferma che la 838, pass d\u2019ingresso per entrare&#8230;<\/p>\n","protected":false},"featured_media":9279,"template":"","meta":[],"product_brand":[],"product_cat":[631,31],"product_tag":[],"class_list":{"0":"post-9265","1":"product","2":"type-product","3":"status-publish","4":"has-post-thumbnail","6":"product_cat-bicycles","7":"product_cat-road","8":"name_model-452","10":"first","11":"instock","12":"taxable","13":"shipping-taxable","14":"purchasable","15":"product-type-variable"},"_links":{"self":[{"href":"https:\/\/staging.derosa.it\/it\/wp-json\/wp\/v2\/product\/9265","targetHints":{"allow":["GET"]}}],"collection":[{"href":"https:\/\/staging.derosa.it\/it\/wp-json\/wp\/v2\/product"}],"about":[{"href":"https:\/\/staging.derosa.it\/it\/wp-json\/wp\/v2\/types\/product"}],"wp:featuredmedia":[{"embeddable":true,"href":"https:\/\/staging.derosa.it\/it\/wp-json\/wp\/v2\/media\/9279"}],"wp:attachment":[{"href":"https:\/\/staging.derosa.it\/it\/wp-json\/wp\/v2\/media?parent=9265"}],"wp:term":[{"taxonomy":"product_brand","embeddable":true,"href":"https:\/\/staging.derosa.it\/it\/wp-json\/wp\/v2\/product_brand?post=9265"},{"taxonomy":"product_cat","embeddable":true,"href":"https:\/\/staging.derosa.it\/it\/wp-json\/wp\/v2\/product_cat?post=9265"},{"taxonomy":"product_tag","embeddable":true,"href":"https:\/\/staging.derosa.it\/it\/wp-json\/wp\/v2\/product_tag?post=9265"}],"curies":[{"name":"wp","href":"https:\/\/api.w.org\/{rel}","templated":true}]}}