{"id":9231,"date":"2025-11-12T11:13:04","date_gmt":"2025-11-12T11:13:04","guid":{"rendered":"https:\/\/staging.derosa.it\/?post_type=product&#038;p=9231"},"modified":"2026-01-23T13:19:13","modified_gmt":"2026-01-23T13:19:13","slug":"70-deva-campagnolo-super-record-wireless-13v-bora-ultra-wto-copy","status":"publish","type":"product","link":"https:\/\/staging.derosa.it\/it\/prodotto\/idol-halo-white-ultegra-fulcrum-wind\/","title":{"rendered":"Idol Halo white &#8211; Ultegra Fulcrum Wind"},"content":{"rendered":"<p>25 anni fa, iniziavamo a lavorare il carbonio come si lavora un metallo prezioso: con rispetto, con cura, con mani capaci di sentire le vibrazioni della materia.<br \/>\nOggi quella storia continua con un nome che per noi \u00e8 molto pi\u00f9 di un modello: IDOL.<\/p>\n<p>\u00c8 cambiata.<br \/>\nNon ha perso un grammo della sua identit\u00e0, in compenso ne ha persi quasi 300 di peso.<br \/>\nIl tubo obliquo si \u00e8 fatto pi\u00f9 audace, pi\u00f9 largo, pi\u00f9 deciso.<br \/>\nIl carro posteriore \u00e8 pi\u00f9 aggressivo e aerodinamico.<br \/>\nIl tubo orizzontale \u201carc slope\u201d corre in carbonio a vista, scolpito in un\u2019onda armonica tra potenza e leggerezza, per un impatto visivo pi\u00f9 racing.<\/p>\n","protected":false},"excerpt":{"rendered":"<p>25 anni fa, iniziavamo a lavorare il carbonio come si lavora un metallo prezioso: con rispetto, con cura, con mani capaci di sentire le vibrazioni della materia. Oggi quella storia continua con un nome che per noi \u00e8 molto pi\u00f9 di un modello: IDOL. \u00c8 cambiata. Non ha perso un grammo della sua identit\u00e0, in&#8230;<\/p>\n","protected":false},"featured_media":9241,"template":"","meta":[],"product_brand":[],"product_cat":[631,31],"product_tag":[],"class_list":{"0":"post-9231","1":"product","2":"type-product","3":"status-publish","4":"has-post-thumbnail","6":"product_cat-bicycles","7":"product_cat-road","8":"name_model-idol","10":"first","11":"instock","12":"taxable","13":"shipping-taxable","14":"purchasable","15":"product-type-variable"},"_links":{"self":[{"href":"https:\/\/staging.derosa.it\/it\/wp-json\/wp\/v2\/product\/9231","targetHints":{"allow":["GET"]}}],"collection":[{"href":"https:\/\/staging.derosa.it\/it\/wp-json\/wp\/v2\/product"}],"about":[{"href":"https:\/\/staging.derosa.it\/it\/wp-json\/wp\/v2\/types\/product"}],"wp:featuredmedia":[{"embeddable":true,"href":"https:\/\/staging.derosa.it\/it\/wp-json\/wp\/v2\/media\/9241"}],"wp:attachment":[{"href":"https:\/\/staging.derosa.it\/it\/wp-json\/wp\/v2\/media?parent=9231"}],"wp:term":[{"taxonomy":"product_brand","embeddable":true,"href":"https:\/\/staging.derosa.it\/it\/wp-json\/wp\/v2\/product_brand?post=9231"},{"taxonomy":"product_cat","embeddable":true,"href":"https:\/\/staging.derosa.it\/it\/wp-json\/wp\/v2\/product_cat?post=9231"},{"taxonomy":"product_tag","embeddable":true,"href":"https:\/\/staging.derosa.it\/it\/wp-json\/wp\/v2\/product_tag?post=9231"}],"curies":[{"name":"wp","href":"https:\/\/api.w.org\/{rel}","templated":true}]}}