{"id":7359,"date":"2021-11-11T09:45:16","date_gmt":"2021-11-11T09:45:16","guid":{"rendered":"https:\/\/staging.derosa.it\/product\/t-shirt-logo\/"},"modified":"2026-02-27T14:09:50","modified_gmt":"2026-02-27T14:09:50","slug":"t-shirt-logo","status":"publish","type":"product","link":"https:\/\/staging.derosa.it\/it\/prodotto\/t-shirt-logo\/","title":{"rendered":"T-Shirt Logo"},"content":{"rendered":"<p>T-shirt manica corta con logo De Rosa stampato a mano in Italia.<br \/>\nVESTIBILIT\u00c0 REGULAR, per una vestibilit\u00e0 SLIM consigliamo di ordinare una taglia pi\u00f9 piccola.<\/p>\n<p><strong>CARATTERISTICHE:<\/strong><\/p>\n<ul>\n<li>Vestibilit\u00e0 contemporanea in cotone organico<\/li>\n<li>Costruzione tubolare<\/li>\n<li>Colletto sottile per un look moderno<\/li>\n<li>Nastratura posteriore del collo per una finitura pulita<\/li>\n<\/ul>\n","protected":false},"excerpt":{"rendered":"<p>T-shirt manica corta con logo De Rosa stampato a mano in Italia. VESTIBILIT\u00c0 REGULAR, per una vestibilit\u00e0 SLIM consigliamo di ordinare una taglia pi\u00f9 piccola. CARATTERISTICHE: Vestibilit\u00e0 contemporanea in cotone organico Costruzione tubolare Colletto sottile per un look moderno Nastratura posteriore del collo per una finitura pulita<\/p>\n","protected":false},"featured_media":3909,"template":"","meta":[],"product_brand":[],"product_cat":[748,1455],"product_tag":[],"class_list":{"0":"post-7359","1":"product","2":"type-product","3":"status-publish","4":"has-post-thumbnail","6":"product_cat-abbigliamento","7":"product_cat-abbigliamento-casual","8":"product_shipping_class-merch-it","9":"delivery-merch","11":"first","12":"instock","13":"sale","14":"taxable","15":"shipping-taxable","16":"purchasable","17":"product-type-variable"},"_links":{"self":[{"href":"https:\/\/staging.derosa.it\/it\/wp-json\/wp\/v2\/product\/7359","targetHints":{"allow":["GET"]}}],"collection":[{"href":"https:\/\/staging.derosa.it\/it\/wp-json\/wp\/v2\/product"}],"about":[{"href":"https:\/\/staging.derosa.it\/it\/wp-json\/wp\/v2\/types\/product"}],"wp:featuredmedia":[{"embeddable":true,"href":"https:\/\/staging.derosa.it\/it\/wp-json\/wp\/v2\/media\/3909"}],"wp:attachment":[{"href":"https:\/\/staging.derosa.it\/it\/wp-json\/wp\/v2\/media?parent=7359"}],"wp:term":[{"taxonomy":"product_brand","embeddable":true,"href":"https:\/\/staging.derosa.it\/it\/wp-json\/wp\/v2\/product_brand?post=7359"},{"taxonomy":"product_cat","embeddable":true,"href":"https:\/\/staging.derosa.it\/it\/wp-json\/wp\/v2\/product_cat?post=7359"},{"taxonomy":"product_tag","embeddable":true,"href":"https:\/\/staging.derosa.it\/it\/wp-json\/wp\/v2\/product_tag?post=7359"}],"curies":[{"name":"wp","href":"https:\/\/api.w.org\/{rel}","templated":true}]}}