{"id":7197,"date":"2024-10-31T09:55:20","date_gmt":"2024-10-31T09:55:20","guid":{"rendered":"https:\/\/staging.derosa.it\/product\/t-shirt-vintage-logo\/"},"modified":"2026-02-27T14:07:00","modified_gmt":"2026-02-27T14:07:00","slug":"t-shirt-vintage-logo","status":"publish","type":"product","link":"https:\/\/staging.derosa.it\/it\/prodotto\/t-shirt-vintage-logo\/","title":{"rendered":"T-Shirt Vintage Logo"},"content":{"rendered":"<p>T-shirt manica corta con logo De Rosa vintage.<br \/>\nVESTIBILIT\u00c0 REGULAR, per una vestibilit\u00e0 SLIM consigliamo di ordinare una taglia pi\u00f9 piccola.<\/p>\n<p><strong>CARATTERISTICHE:<\/strong><\/p>\n<ul>\n<li>Vestibilit\u00e0 contemporanea in cotone organico<\/li>\n<li>Costruzione tubolare<\/li>\n<li>Colletto sottile per un look moderno<\/li>\n<li>Nastratura posteriore del collo per una finitura pulita<\/li>\n<\/ul>\n","protected":false},"excerpt":{"rendered":"<p>T-shirt manica corta con logo De Rosa vintage. VESTIBILIT\u00c0 REGULAR, per una vestibilit\u00e0 SLIM consigliamo di ordinare una taglia pi\u00f9 piccola. CARATTERISTICHE: Vestibilit\u00e0 contemporanea in cotone organico Costruzione tubolare Colletto sottile per un look moderno Nastratura posteriore del collo per una finitura pulita<\/p>\n","protected":false},"featured_media":5477,"template":"","meta":[],"product_brand":[],"product_cat":[748,1455],"product_tag":[],"class_list":{"0":"post-7197","1":"product","2":"type-product","3":"status-publish","4":"has-post-thumbnail","6":"product_cat-abbigliamento","7":"product_cat-abbigliamento-casual","8":"product_shipping_class-merch-it","9":"delivery-merch","11":"first","12":"instock","13":"sale","14":"taxable","15":"shipping-taxable","16":"purchasable","17":"product-type-variable"},"_links":{"self":[{"href":"https:\/\/staging.derosa.it\/it\/wp-json\/wp\/v2\/product\/7197","targetHints":{"allow":["GET"]}}],"collection":[{"href":"https:\/\/staging.derosa.it\/it\/wp-json\/wp\/v2\/product"}],"about":[{"href":"https:\/\/staging.derosa.it\/it\/wp-json\/wp\/v2\/types\/product"}],"wp:featuredmedia":[{"embeddable":true,"href":"https:\/\/staging.derosa.it\/it\/wp-json\/wp\/v2\/media\/5477"}],"wp:attachment":[{"href":"https:\/\/staging.derosa.it\/it\/wp-json\/wp\/v2\/media?parent=7197"}],"wp:term":[{"taxonomy":"product_brand","embeddable":true,"href":"https:\/\/staging.derosa.it\/it\/wp-json\/wp\/v2\/product_brand?post=7197"},{"taxonomy":"product_cat","embeddable":true,"href":"https:\/\/staging.derosa.it\/it\/wp-json\/wp\/v2\/product_cat?post=7197"},{"taxonomy":"product_tag","embeddable":true,"href":"https:\/\/staging.derosa.it\/it\/wp-json\/wp\/v2\/product_tag?post=7197"}],"curies":[{"name":"wp","href":"https:\/\/api.w.org\/{rel}","templated":true}]}}