{"id":11859,"date":"2026-01-30T00:00:22","date_gmt":"2026-01-30T00:00:22","guid":{"rendered":"https:\/\/staging.derosa.it\/?post_type=product&#038;p=11859"},"modified":"2026-04-30T15:03:53","modified_gmt":"2026-04-30T15:03:53","slug":"70-origine","status":"publish","type":"product","link":"https:\/\/staging.derosa.it\/it\/prodotto\/70-origine\/","title":{"rendered":"70 Origine"},"content":{"rendered":"<p data-start=\"122\" data-end=\"594\">Dopo <strong>tre anni<\/strong>, questa bici segna un nuovo punto di partenza. Non un semplice aggiornamento, ma una<strong> rifondazione del gesto<\/strong>, della forma e della performance.<br data-start=\"277\" data-end=\"280\" \/>Sviluppata in collaborazione con Campagnolo, integra il nuovo gruppo <strong data-start=\"349\" data-end=\"363\">Record New<\/strong> in un sistema unico, dove telaio e componenti lavorano in perfetta continuit\u00e0.<br data-start=\"442\" data-end=\"445\" \/>Ogni linea \u00e8 essenziale, ogni dettaglio \u00e8 funzione. Il risultato \u00e8 una bici che restituisce precisione, controllo e velocit\u00e0 pura,<strong> senza compromessi<\/strong>.<\/p>","protected":false},"excerpt":{"rendered":"<p>Dopo tre anni, questa bici segna un nuovo punto di partenza. Non un semplice aggiornamento, ma una rifondazione del gesto, della forma e della performance.Sviluppata in collaborazione con Campagnolo, integra il nuovo gruppo Record New in un sistema unico, dove telaio e componenti lavorano in perfetta continuit\u00e0.Ogni linea \u00e8 essenziale, ogni dettaglio \u00e8 funzione. Il&#8230;<\/p>\n","protected":false},"featured_media":11904,"template":"","meta":[],"product_brand":[],"product_cat":[749,753],"product_tag":[],"bike_component":[],"class_list":{"0":"post-11859","1":"product","2":"type-product","3":"status-publish","4":"has-post-thumbnail","6":"product_cat-biciclette","7":"product_cat-strada","8":"name_model-686","10":"first","11":"instock","12":"taxable","13":"shipping-taxable","14":"purchasable","15":"product-type-variable"},"yoast_head":"<!-- This site is optimized with the Yoast SEO plugin v27.5 - https:\/\/yoast.com\/product\/yoast-seo-wordpress\/ -->\n<title>70 Origine - De Rosa<\/title>\n<meta name=\"description\" content=\"Dopo tre anni, questa bici segna un nuovo punto di partenza. Non un semplice aggiornamento, ma una rifondazione del gesto, della forma e della performance.\" \/>\n<meta name=\"robots\" content=\"noindex, follow, max-snippet:-1, max-image-preview:large, max-video-preview:-1\" \/>\n<meta property=\"og:locale\" content=\"it_IT\" \/>\n<meta property=\"og:type\" content=\"article\" \/>\n<meta property=\"og:title\" content=\"70 Origine - De Rosa\" \/>\n<meta property=\"og:description\" content=\"Dopo tre anni, questa bici segna un nuovo punto di partenza. Non un semplice aggiornamento, ma una rifondazione del gesto, della forma e della performance.\" \/>\n<meta property=\"og:url\" content=\"https:\/\/staging.derosa.it\/it\/prodotto\/70-origine\/\" \/>\n<meta property=\"og:site_name\" content=\"De Rosa\" \/>\n<meta property=\"article:publisher\" content=\"https:\/\/www.facebook.com\/derosabikes\" \/>\n<meta property=\"article:modified_time\" content=\"2026-04-30T15:03:53+00:00\" \/>\n<meta property=\"og:image\" content=\"https:\/\/derosa.it\/app\/uploads\/2026\/04\/70-Origine-2-819x1024.jpg\" \/>\n\t<meta property=\"og:image:width\" content=\"819\" \/>\n\t<meta property=\"og:image:height\" content=\"1024\" \/>\n\t<meta property=\"og:image:type\" content=\"image\/jpeg\" \/>\n<meta name=\"twitter:card\" content=\"summary_large_image\" \/>\n<meta name=\"twitter:label1\" content=\"Availability\" \/>\n\t<meta name=\"twitter:data1\" content=\"In stock\" \/>\n<script type=\"application\/ld+json\" class=\"yoast-schema-graph\">{\"@context\":\"https:\\\/\\\/schema.org\",\"@graph\":[{\"@type\":\"WebPage\",\"@id\":\"https:\\\/\\\/staging.derosa.it\\\/it\\\/prodotto\\\/70-origine\\\/\",\"url\":\"https:\\\/\\\/staging.derosa.it\\\/it\\\/prodotto\\\/70-origine\\\/\",\"name\":\"70 Origine - De Rosa\",\"isPartOf\":{\"@id\":\"https:\\\/\\\/staging.derosa.it\\\/it\\\/#website\"},\"primaryImageOfPage\":{\"@id\":\"https:\\\/\\\/staging.derosa.it\\\/it\\\/prodotto\\\/70-origine\\\/#primaryimage\"},\"image\":{\"@id\":\"https:\\\/\\\/staging.derosa.it\\\/it\\\/prodotto\\\/70-origine\\\/#primaryimage\"},\"thumbnailUrl\":\"https:\\\/\\\/staging.derosa.it\\\/app\\\/uploads\\\/2026\\\/04\\\/70-Origine-2.jpg\",\"datePublished\":\"2026-01-30T00:00:22+00:00\",\"dateModified\":\"2026-04-30T15:03:53+00:00\",\"description\":\"Dopo tre anni, questa bici segna un nuovo punto di partenza. Non un semplice aggiornamento, ma una rifondazione del gesto, della forma e della performance.\",\"breadcrumb\":{\"@id\":\"https:\\\/\\\/staging.derosa.it\\\/it\\\/prodotto\\\/70-origine\\\/#breadcrumb\"},\"inLanguage\":\"it-IT\",\"potentialAction\":[{\"@type\":\"ReadAction\",\"target\":[\"https:\\\/\\\/staging.derosa.it\\\/it\\\/prodotto\\\/70-origine\\\/\"]}]},{\"@type\":\"ImageObject\",\"inLanguage\":\"it-IT\",\"@id\":\"https:\\\/\\\/staging.derosa.it\\\/it\\\/prodotto\\\/70-origine\\\/#primaryimage\",\"url\":\"https:\\\/\\\/staging.derosa.it\\\/app\\\/uploads\\\/2026\\\/04\\\/70-Origine-2.jpg\",\"contentUrl\":\"https:\\\/\\\/staging.derosa.it\\\/app\\\/uploads\\\/2026\\\/04\\\/70-Origine-2.jpg\",\"width\":2000,\"height\":2500},{\"@type\":\"BreadcrumbList\",\"@id\":\"https:\\\/\\\/staging.derosa.it\\\/it\\\/prodotto\\\/70-origine\\\/#breadcrumb\",\"itemListElement\":[{\"@type\":\"ListItem\",\"position\":1,\"name\":\"Home\",\"item\":\"https:\\\/\\\/staging.derosa.it\\\/it\\\/\"},{\"@type\":\"ListItem\",\"position\":2,\"name\":\"Negozio\",\"item\":\"https:\\\/\\\/staging.derosa.it\\\/it\\\/negozio\\\/\"},{\"@type\":\"ListItem\",\"position\":3,\"name\":\"70 Origine\"}]},{\"@type\":\"WebSite\",\"@id\":\"https:\\\/\\\/staging.derosa.it\\\/it\\\/#website\",\"url\":\"https:\\\/\\\/staging.derosa.it\\\/it\\\/\",\"name\":\"De Rosa\",\"description\":\"De Rosa Bikes\",\"publisher\":{\"@id\":\"https:\\\/\\\/staging.derosa.it\\\/it\\\/#organization\"},\"potentialAction\":[{\"@type\":\"SearchAction\",\"target\":{\"@type\":\"EntryPoint\",\"urlTemplate\":\"https:\\\/\\\/staging.derosa.it\\\/it\\\/?s={search_term_string}\"},\"query-input\":{\"@type\":\"PropertyValueSpecification\",\"valueRequired\":true,\"valueName\":\"search_term_string\"}}],\"inLanguage\":\"it-IT\"},{\"@type\":\"Organization\",\"@id\":\"https:\\\/\\\/staging.derosa.it\\\/it\\\/#organization\",\"name\":\"De Rosa\",\"url\":\"https:\\\/\\\/staging.derosa.it\\\/it\\\/\",\"logo\":{\"@type\":\"ImageObject\",\"inLanguage\":\"it-IT\",\"@id\":\"https:\\\/\\\/staging.derosa.it\\\/it\\\/#\\\/schema\\\/logo\\\/image\\\/\",\"url\":\"https:\\\/\\\/staging.derosa.it\\\/app\\\/uploads\\\/2026\\\/04\\\/De-Rosa-Logo-Black.svg\",\"contentUrl\":\"https:\\\/\\\/staging.derosa.it\\\/app\\\/uploads\\\/2026\\\/04\\\/De-Rosa-Logo-Black.svg\",\"width\":1,\"height\":1,\"caption\":\"De Rosa\"},\"image\":{\"@id\":\"https:\\\/\\\/staging.derosa.it\\\/it\\\/#\\\/schema\\\/logo\\\/image\\\/\"},\"sameAs\":[\"https:\\\/\\\/www.facebook.com\\\/derosabikes\",\"https:\\\/\\\/www.instagram.com\\\/derosabikes\\\/\"]}]}<\/script>\n<meta property=\"og:availability\" content=\"instock\" \/>\n<meta property=\"product:availability\" content=\"instock\" \/>\n<meta property=\"product:retailer_item_id\" content=\"70-ORIGINE\" \/>\n<meta property=\"product:condition\" content=\"new\" \/>\n<!-- \/ Yoast SEO plugin. -->","yoast_head_json":{"title":"70 Origine - De Rosa","description":"Dopo tre anni, questa bici segna un nuovo punto di partenza. Non un semplice aggiornamento, ma una rifondazione del gesto, della forma e della performance.","robots":{"index":"noindex","follow":"follow","max-snippet":"max-snippet:-1","max-image-preview":"max-image-preview:large","max-video-preview":"max-video-preview:-1"},"og_locale":"it_IT","og_type":"article","og_title":"70 Origine - De Rosa","og_description":"Dopo tre anni, questa bici segna un nuovo punto di partenza. Non un semplice aggiornamento, ma una rifondazione del gesto, della forma e della performance.","og_url":"https:\/\/staging.derosa.it\/it\/prodotto\/70-origine\/","og_site_name":"De Rosa","article_publisher":"https:\/\/www.facebook.com\/derosabikes","article_modified_time":"2026-04-30T15:03:53+00:00","og_image":[{"width":819,"height":1024,"url":"https:\/\/derosa.it\/app\/uploads\/2026\/04\/70-Origine-2-819x1024.jpg","type":"image\/jpeg"}],"twitter_card":"summary_large_image","twitter_misc":{"Availability":"In stock"},"schema":{"@context":"https:\/\/schema.org","@graph":[{"@type":"WebPage","@id":"https:\/\/staging.derosa.it\/it\/prodotto\/70-origine\/","url":"https:\/\/staging.derosa.it\/it\/prodotto\/70-origine\/","name":"70 Origine - De Rosa","isPartOf":{"@id":"https:\/\/staging.derosa.it\/it\/#website"},"primaryImageOfPage":{"@id":"https:\/\/staging.derosa.it\/it\/prodotto\/70-origine\/#primaryimage"},"image":{"@id":"https:\/\/staging.derosa.it\/it\/prodotto\/70-origine\/#primaryimage"},"thumbnailUrl":"https:\/\/staging.derosa.it\/app\/uploads\/2026\/04\/70-Origine-2.jpg","datePublished":"2026-01-30T00:00:22+00:00","dateModified":"2026-04-30T15:03:53+00:00","description":"Dopo tre anni, questa bici segna un nuovo punto di partenza. Non un semplice aggiornamento, ma una rifondazione del gesto, della forma e della performance.","breadcrumb":{"@id":"https:\/\/staging.derosa.it\/it\/prodotto\/70-origine\/#breadcrumb"},"inLanguage":"it-IT","potentialAction":[{"@type":"ReadAction","target":["https:\/\/staging.derosa.it\/it\/prodotto\/70-origine\/"]}]},{"@type":"ImageObject","inLanguage":"it-IT","@id":"https:\/\/staging.derosa.it\/it\/prodotto\/70-origine\/#primaryimage","url":"https:\/\/staging.derosa.it\/app\/uploads\/2026\/04\/70-Origine-2.jpg","contentUrl":"https:\/\/staging.derosa.it\/app\/uploads\/2026\/04\/70-Origine-2.jpg","width":2000,"height":2500},{"@type":"BreadcrumbList","@id":"https:\/\/staging.derosa.it\/it\/prodotto\/70-origine\/#breadcrumb","itemListElement":[{"@type":"ListItem","position":1,"name":"Home","item":"https:\/\/staging.derosa.it\/it\/"},{"@type":"ListItem","position":2,"name":"Negozio","item":"https:\/\/staging.derosa.it\/it\/negozio\/"},{"@type":"ListItem","position":3,"name":"70 Origine"}]},{"@type":"WebSite","@id":"https:\/\/staging.derosa.it\/it\/#website","url":"https:\/\/staging.derosa.it\/it\/","name":"De Rosa","description":"De Rosa Bikes","publisher":{"@id":"https:\/\/staging.derosa.it\/it\/#organization"},"potentialAction":[{"@type":"SearchAction","target":{"@type":"EntryPoint","urlTemplate":"https:\/\/staging.derosa.it\/it\/?s={search_term_string}"},"query-input":{"@type":"PropertyValueSpecification","valueRequired":true,"valueName":"search_term_string"}}],"inLanguage":"it-IT"},{"@type":"Organization","@id":"https:\/\/staging.derosa.it\/it\/#organization","name":"De Rosa","url":"https:\/\/staging.derosa.it\/it\/","logo":{"@type":"ImageObject","inLanguage":"it-IT","@id":"https:\/\/staging.derosa.it\/it\/#\/schema\/logo\/image\/","url":"https:\/\/staging.derosa.it\/app\/uploads\/2026\/04\/De-Rosa-Logo-Black.svg","contentUrl":"https:\/\/staging.derosa.it\/app\/uploads\/2026\/04\/De-Rosa-Logo-Black.svg","width":1,"height":1,"caption":"De Rosa"},"image":{"@id":"https:\/\/staging.derosa.it\/it\/#\/schema\/logo\/image\/"},"sameAs":["https:\/\/www.facebook.com\/derosabikes","https:\/\/www.instagram.com\/derosabikes\/"]}]},"og_availability":"instock","product_availability":"instock","product_retailer_item_id":"70-ORIGINE","product_condition":"new"},"_links":{"self":[{"href":"https:\/\/staging.derosa.it\/it\/wp-json\/wp\/v2\/product\/11859","targetHints":{"allow":["GET"]}}],"collection":[{"href":"https:\/\/staging.derosa.it\/it\/wp-json\/wp\/v2\/product"}],"about":[{"href":"https:\/\/staging.derosa.it\/it\/wp-json\/wp\/v2\/types\/product"}],"wp:featuredmedia":[{"embeddable":true,"href":"https:\/\/staging.derosa.it\/it\/wp-json\/wp\/v2\/media\/11904"}],"wp:attachment":[{"href":"https:\/\/staging.derosa.it\/it\/wp-json\/wp\/v2\/media?parent=11859"}],"wp:term":[{"taxonomy":"product_brand","embeddable":true,"href":"https:\/\/staging.derosa.it\/it\/wp-json\/wp\/v2\/product_brand?post=11859"},{"taxonomy":"product_cat","embeddable":true,"href":"https:\/\/staging.derosa.it\/it\/wp-json\/wp\/v2\/product_cat?post=11859"},{"taxonomy":"product_tag","embeddable":true,"href":"https:\/\/staging.derosa.it\/it\/wp-json\/wp\/v2\/product_tag?post=11859"},{"taxonomy":"bike_component","embeddable":true,"href":"https:\/\/staging.derosa.it\/it\/wp-json\/wp\/v2\/bike_component?post=11859"}],"curies":[{"name":"wp","href":"https:\/\/api.w.org\/{rel}","templated":true}]}}