{"id":10120,"date":"2026-02-27T13:52:05","date_gmt":"2026-02-27T13:52:05","guid":{"rendered":"https:\/\/staging.derosa.it\/?post_type=product&#038;p=10120"},"modified":"2026-03-04T13:16:02","modified_gmt":"2026-03-04T13:16:02","slug":"cappellino-da-ciclismo-2025-copy-2","status":"publish","type":"product","link":"https:\/\/staging.derosa.it\/it\/cappellino-da-ciclismo-2026\/","title":{"rendered":"Cappellino da ciclismo 2026"},"content":{"rendered":"<div class=\"flex flex-col text-sm pb-25\">\n<article class=\"text-token-text-primary w-full focus:outline-none [--shadow-height:45px] has-data-writing-block:pointer-events-none has-data-writing-block:-mt-(--shadow-height) has-data-writing-block:pt-(--shadow-height) [&amp;:has([data-writing-block])&gt;*]:pointer-events-auto scroll-mt-[calc(var(--header-height)+min(200px,max(70px,20svh)))]\" dir=\"auto\" tabindex=\"-1\" data-turn-id=\"request-69a592c5-ad18-8392-94cf-d18c6c6ef74c-6\" data-testid=\"conversation-turn-34\" data-scroll-anchor=\"true\" data-turn=\"assistant\">\n<div class=\"text-base my-auto mx-auto pb-10 [--thread-content-margin:--spacing(4)] @w-sm\/main:[--thread-content-margin:--spacing(6)] @w-lg\/main:[--thread-content-margin:--spacing(16)] px-(--thread-content-margin)\">\n<div class=\"[--thread-content-max-width:40rem] @w-lg\/main:[--thread-content-max-width:48rem] mx-auto max-w-(--thread-content-max-width) flex-1 group\/turn-messages focus-visible:outline-hidden relative flex w-full min-w-0 flex-col agent-turn\" tabindex=\"-1\">\n<div class=\"flex max-w-full flex-col grow\">\n<div class=\"min-h-8 text-message relative flex w-full flex-col items-end gap-2 text-start break-words whitespace-normal [.text-message+&amp;]:mt-1\" dir=\"auto\" data-message-author-role=\"assistant\" data-message-id=\"c822220b-34cc-4c54-a74b-490d14efb5f6\" data-message-model-slug=\"gpt-5-3\">\n<div class=\"flex w-full flex-col gap-1 empty:hidden first:pt-[1px]\">\n<div class=\"markdown prose dark:prose-invert w-full wrap-break-word dark markdown-new-styling\">\n<p data-start=\"32\" data-end=\"210\">Il Cappellino Tecnico De Rosa \u00e8 pensato per la strada, non per la passerella. Progettato per essere indossato sotto il casco, offre protezione, comfort e identit\u00e0 <strong>in ogni uscita.<\/strong><\/p>\n<p data-start=\"212\" data-end=\"486\">Realizzato in <strong data-start=\"226\" data-end=\"241\">100% cotone<\/strong>, \u00e8 leggero e traspirante: aiuta a gestire il sudore durante gli sforzi pi\u00f9 intensi e protegge dal sole nelle giornate estive o dal vento nelle stagioni intermedie. La struttura aderente garantisce stabilit\u00e0 sotto il casco senza creare ingombro.<\/p>\n<p data-start=\"488\" data-end=\"598\">Il logo <strong>De Rosa<\/strong> con il cuore rosso non \u00e8 solo un dettaglio grafico: \u00e8 un simbolo che accompagna ogni pedalata.<\/p>\n<p data-start=\"600\" data-end=\"667\" data-is-last-node=\"\" data-is-only-node=\"\">Un accessorio <strong>essenziale<\/strong> per chi vive la bici con mentalit\u00e0 racing.<\/p>\n<\/div>\n<\/div>\n<\/div>\n<\/div>\n<div class=\"z-0 flex min-h-[46px] justify-start\"><\/div>\n<div class=\"mt-3 w-full empty:hidden\">\n<div class=\"text-center\"><\/div>\n<\/div>\n<\/div>\n<\/div>\n<\/article>\n<\/div>\n<div class=\"pointer-events-none h-px w-px absolute bottom-0\" aria-hidden=\"true\" data-edge=\"true\"><\/div>\n","protected":false},"excerpt":{"rendered":"<p>Il Cappellino Tecnico De Rosa \u00e8 pensato per la strada, non per la passerella. Progettato per essere indossato sotto il casco, offre protezione, comfort e identit\u00e0 in ogni uscita. Realizzato in 100% cotone, \u00e8 leggero e traspirante: aiuta a gestire il sudore durante gli sforzi pi\u00f9 intensi e protegge dal sole nelle giornate estive o&#8230;<\/p>\n","protected":false},"featured_media":10121,"template":"","meta":[],"product_brand":[],"product_cat":[748,1456],"product_tag":[1250],"class_list":{"0":"post-10120","1":"product","2":"type-product","3":"status-publish","4":"has-post-thumbnail","6":"product_cat-abbigliamento","7":"product_cat-abbigliamento-tecnico","8":"product_tag-merch-2025-it","9":"product_shipping_class-merch-it","10":"delivery-merch","12":"first","13":"instock","14":"taxable","15":"shipping-taxable","16":"purchasable","17":"product-type-simple"},"_links":{"self":[{"href":"https:\/\/staging.derosa.it\/it\/wp-json\/wp\/v2\/product\/10120","targetHints":{"allow":["GET"]}}],"collection":[{"href":"https:\/\/staging.derosa.it\/it\/wp-json\/wp\/v2\/product"}],"about":[{"href":"https:\/\/staging.derosa.it\/it\/wp-json\/wp\/v2\/types\/product"}],"wp:featuredmedia":[{"embeddable":true,"href":"https:\/\/staging.derosa.it\/it\/wp-json\/wp\/v2\/media\/10121"}],"wp:attachment":[{"href":"https:\/\/staging.derosa.it\/it\/wp-json\/wp\/v2\/media?parent=10120"}],"wp:term":[{"taxonomy":"product_brand","embeddable":true,"href":"https:\/\/staging.derosa.it\/it\/wp-json\/wp\/v2\/product_brand?post=10120"},{"taxonomy":"product_cat","embeddable":true,"href":"https:\/\/staging.derosa.it\/it\/wp-json\/wp\/v2\/product_cat?post=10120"},{"taxonomy":"product_tag","embeddable":true,"href":"https:\/\/staging.derosa.it\/it\/wp-json\/wp\/v2\/product_tag?post=10120"}],"curies":[{"name":"wp","href":"https:\/\/api.w.org\/{rel}","templated":true}]}}